{"id":6,"date":"2017-11-02T11:41:34","date_gmt":"2017-11-02T10:41:34","guid":{"rendered":"https:\/\/www.demenagement-lyon.org\/?page_id=6"},"modified":"2022-04-20T22:32:16","modified_gmt":"2022-04-20T21:32:16","slug":"demenagement-lyon","status":"publish","type":"page","link":"https:\/\/www.demenagement-lyon.org\/","title":{"rendered":"D\u00e9m\u00e9nagement Lyon"},"content":{"rendered":"<h2><img loading=\"lazy\" decoding=\"async\" class=\"alignnone size-medium wp-image-10 aligncenter\" src=\"https:\/\/www.demenagement-lyon.org\/wp-content\/uploads\/2017\/11\/vue-de-lyon-depuis-la-saone-au-crepuscule_5914924-300x168.jpg\" alt=\"vue-de-lyon-depuis-la-saone-au-crepuscule_5914924\" width=\"300\" height=\"168\" srcset=\"https:\/\/www.demenagement-lyon.org\/wp-content\/uploads\/2017\/11\/vue-de-lyon-depuis-la-saone-au-crepuscule_5914924-300x168.jpg 300w, https:\/\/www.demenagement-lyon.org\/wp-content\/uploads\/2017\/11\/vue-de-lyon-depuis-la-saone-au-crepuscule_5914924.jpg 640w\" sizes=\"auto, (max-width: 300px) 100vw, 300px\" \/><\/h2>\n<h2>Lieu de d\u00e9m\u00e9nagement id\u00e9al : \u00c0 la d\u00e9couverte de Lyon<\/h2>\n<p>Situ\u00e9e dans le sud-ouest de la France, au c\u0153ur de la vall\u00e9e de Rh\u00f4ne, la r\u00e9gion Lyonnaise figure en top liste des lieux de d\u00e9m\u00e9nagement des Fran\u00e7ais. En effet, tous les crit\u00e8res d\u2019une meilleure condition de vie sont remplis. La ville de Lyon poss\u00e8de un climat semi-continental c\u2019est-\u00e0-dire que la saison d\u2019\u00e9t\u00e9 est marqu\u00e9e par de fortes pr\u00e9cipitations. En hiver, malgr\u00e9 un froid consid\u00e9rable, le temps reste sec avec des gel\u00e9es fr\u00e9quentes.<\/p>\n<p>La temp\u00e9rature minimale moyenne varie entre 0,3 \u00b0C \u00e0 16, 6 \u00b0C tandis que la temp\u00e9rature maximale moyenne est entre 6,4 \u00b0C \u00e0 27,7 \u00b0C avec des chutes de neige de 20 jours\/an en moyenne. Le climat \u00e0 Lyon subit une influence m\u00e9diterran\u00e9enne, cela dit, la temp\u00e9rature maximale peut d\u00e9passer les 35 \u00b0C en journ\u00e9e. Toutefois, la ville profite d\u2019un avantageux ensoleillement. Durant les autres saisons, le climat \u00e0 Lyon est au beau fixe, la temp\u00e9rature est complaisante. Par ailleurs, plusieurs classements ont plac\u00e9 la r\u00e9gion comme \u00e9tant un potentiel \u00e9conomique et ayant un magnifique cadre de vie. Les gens qui ont choisi le d\u00e9m\u00e9nagement \u00e0 Lyon en sont ravis.<\/p>\n<h2>D\u00e9m\u00e9nager \u00e0 Lyon : une multitude d\u2019avantages<\/h2>\n<p>Cette commune fran\u00e7aise au confluent de la Sa\u00f4ne et de la Rh\u00f4ne, est le point de rassemblement de tous les projets \u00e0 grande envergure et de tous les services \u00e0 grand apport \u00e9conomique.<\/p>\n<p>De ce fait, elle attire bon nombre de personnes surtout les commerciaux et les cadres. De plus, des \u00e9tudes ont d\u00e9montr\u00e9 que Lyon figure parmi les villes dans lesquelles les offres d\u2019emploi sont de plus en plus nombreuses. Cela dit, le taux de recrutement connait une hausse grandiose tandis que le taux de ch\u00f4mage voit une baisse consid\u00e9rable. Ces installations font g\u00e9n\u00e9ralement appel \u00e0 un d\u00e9m\u00e9nageur que vous pouvez <a href=\"https:\/\/www.demenageur.com\/\">trouver sur ce site<\/a>.<\/p>\n<p>Entre outre, si vous d\u00e9cidez de vous y installer, Lyon est le deuxi\u00e8me p\u00f4le \u00e9conomique apr\u00e8s Paris. Aussi, elle se place \u00e0 la deuxi\u00e8me place des villes urbaines en France, ce qui attire de plus en plus de personnes \u00e0 venir s\u2019y installer. Dans la ville Lyonnaise, vous y trouverez la r\u00e9gion Rh\u00f4ne-Alpes, la circonscription d\u00e9partementale de la Rh\u00f4ne et le si\u00e8ge du conseil de la M\u00e9tropole de Lyon. En principe, en mati\u00e8re d\u2019opportunit\u00e9s, la ville de Lyon a beaucoup \u00e0 offrir.<\/p>\n<p>Que vous soyez en qu\u00eate de travail ou r\u00eavant de plus grandes occasions, d\u00e9m\u00e9nager \u00e0 Lyon est un acte astucieux.<\/p>\n<h2>D\u00e9m\u00e9nager \u00e0 Lyon : une aventure int\u00e9ressante<\/h2>\n<p>Travers\u00e9e par deux magnifiques cours d\u2019eau, Lyon est une beaut\u00e9 end\u00e9mique. Ayant une sp\u00e9cificit\u00e9 d\u2019\u00eatre presque une \u00eele, cette r\u00e9gion est un lieu tr\u00e8s pris\u00e9e pour faire de nouvelle d\u00e9couverte en termes de magnifique paysage. Pour vous rendre en chine depuis Lyon il vous faudra un visa et souvent passer par Paris.<\/p>\n<p>En effet, elle est bord\u00e9e \u00e0 l\u2019Ouest par les Monts du Lyonnais et \u00e0 l\u2019Est par la plaine de la Dombes. En termes de territoire, le Beaujolais est un espace montagneux o\u00f9 vignobles et for\u00eats y sont les ma\u00eetres-mots. Une multitude de lieux extraordinaires arborent la ville pour les sorties en fin de semaine.<\/p>\n<p>Cela \u00e9tant, d\u00e9m\u00e9nager \u00e0 Lyon est un choix judicieux.<\/p>\n","protected":false},"excerpt":{"rendered":"<p>Lieu de d\u00e9m\u00e9nagement id\u00e9al : \u00c0 la d\u00e9couverte de Lyon Situ\u00e9e dans le sud-ouest de la France, au c\u0153ur de la vall\u00e9e de Rh\u00f4ne, la r\u00e9gion Lyonnaise figure en top liste des lieux de d\u00e9m\u00e9nagement des Fran\u00e7ais. En effet, tous les crit\u00e8res d\u2019une meilleure condition de vie sont remplis. La ville de Lyon poss\u00e8de un&hellip;<\/p>\n","protected":false},"author":1,"featured_media":0,"parent":0,"menu_order":0,"comment_status":"closed","ping_status":"closed","template":"","meta":{"_seopress_robots_primary_cat":"","_seopress_titles_title":"","_seopress_titles_desc":"","_seopress_robots_index":"","footnotes":""},"class_list":["post-6","page","type-page","status-publish","hentry"],"_links":{"self":[{"href":"https:\/\/www.demenagement-lyon.org\/index.php\/wp-json\/wp\/v2\/pages\/6","targetHints":{"allow":["GET"]}}],"collection":[{"href":"https:\/\/www.demenagement-lyon.org\/index.php\/wp-json\/wp\/v2\/pages"}],"about":[{"href":"https:\/\/www.demenagement-lyon.org\/index.php\/wp-json\/wp\/v2\/types\/page"}],"author":[{"embeddable":true,"href":"https:\/\/www.demenagement-lyon.org\/index.php\/wp-json\/wp\/v2\/users\/1"}],"replies":[{"embeddable":true,"href":"https:\/\/www.demenagement-lyon.org\/index.php\/wp-json\/wp\/v2\/comments?post=6"}],"version-history":[{"count":4,"href":"https:\/\/www.demenagement-lyon.org\/index.php\/wp-json\/wp\/v2\/pages\/6\/revisions"}],"predecessor-version":[{"id":14,"href":"https:\/\/www.demenagement-lyon.org\/index.php\/wp-json\/wp\/v2\/pages\/6\/revisions\/14"}],"wp:attachment":[{"href":"https:\/\/www.demenagement-lyon.org\/index.php\/wp-json\/wp\/v2\/media?parent=6"}],"curies":[{"name":"wp","href":"https:\/\/api.w.org\/{rel}","templated":true}]}}